{"id":12,"date":"2022-08-30T12:05:46","date_gmt":"2022-08-30T10:05:46","guid":{"rendered":"https:\/\/www.ibkiep.de\/ib\/?page_id=12"},"modified":"2025-03-22T20:30:32","modified_gmt":"2025-03-22T19:30:32","slug":"guten-tag","status":"publish","type":"page","link":"https:\/\/www.ibkiep.de\/ib\/","title":{"rendered":"Guten Tag"},"content":{"rendered":"<p>[et_pb_section fb_built=&#8220;1&#8243; fullwidth=&#8220;on&#8220; _builder_version=&#8220;4.18.0&#8243; _module_preset=&#8220;default&#8220; custom_margin=&#8220;20px||||false|false&#8220; global_colors_info=&#8220;{}&#8220;][et_pb_fullwidth_slider _builder_version=&#8220;4.18.0&#8243; _module_preset=&#8220;default&#8220; max_height=&#8220;480px&#8220; custom_margin=&#8220;-23px|||||&#8220; custom_padding=&#8220;104px|||||&#8220; animation_style=&#8220;fade&#8220; animation_duration=&#8220;800ms&#8220; animation_starting_opacity=&#8220;100%&#8220; animation_repeat=&#8220;loop&#8220; auto=&#8220;on&#8220; global_colors_info=&#8220;{}&#8220;][et_pb_slide heading=&#8220;Herzlich Willkommen beim Ingenieurb\u00fcro&#8220; use_bg_overlay=&#8220;on&#8220; bg_overlay_color=&#8220;rgba(255,255,255,0.37)&#8220; use_text_overlay=&#8220;off&#8220; _builder_version=&#8220;4.18.0&#8243; _module_preset=&#8220;default&#8220; header_level=&#8220;h2&#8243; header_text_color=&#8220;#FFFFFF&#8220; header_font_size=&#8220;24px&#8220; body_font=&#8220;|600|||||||&#8220; body_font_size=&#8220;1.4em&#8220; body_letter_spacing=&#8220;1px&#8220; background_enable_color=&#8220;off&#8220; background_image=&#8220;https:\/\/www.ibkiep.de\/ib\/wp-content\/uploads\/treaser_kiep_2022_01neu.jpg&#8220; background_enable_image=&#8220;on&#8220; text_orientation=&#8220;center&#8220; background_layout=&#8220;light&#8220; custom_padding=&#8220;||||false|false&#8220; hover_transition_speed_curve=&#8220;ease-in-out&#8220; global_colors_info=&#8220;{}&#8220; sticky_transition=&#8220;on&#8220;]<\/p>\n<p>&nbsp;<\/p>\n<p><img loading=\"lazy\" class=\"wp-image-34 alignnone size-medium\" src=\"https:\/\/www.ibkiep.de\/ib\/wp-content\/uploads\/2022\/08\/Logo_ibKiepuMos_2021_500px-300x146.png\" alt=\"\" width=\"247\" height=\"120\" \/><\/p>\n<p>[\/et_pb_slide][et_pb_slide button_text=&#8220;unser Leistungsspektrum&#8220; button_link=&#8220;@ET-DC@eyJkeW5hbWljIjp0cnVlLCJjb250ZW50IjoicG9zdF9saW5rX3VybF9wYWdlIiwic2V0dGluZ3MiOnsicG9zdF9pZCI6IjgifX0=@&#8220; image=&#8220;https:\/\/www.ibkiep.de\/ib\/wp-content\/uploads\/leistung_ibkiep_2022_light.png&#8220; _builder_version=&#8220;4.18.0&#8243; _dynamic_attributes=&#8220;button_link&#8220; _module_preset=&#8220;default&#8220; background_enable_color=&#8220;off&#8220; background_image=&#8220;https:\/\/www.ibkiep.de\/ib\/wp-content\/uploads\/treaser_kiep_2022_02.jpg&#8220; background_enable_image=&#8220;on&#8220; width=&#8220;58%&#8220; custom_padding=&#8220;35px||||false|false&#8220; global_colors_info=&#8220;{}&#8220; sticky_transition=&#8220;on&#8220;][\/et_pb_slide][et_pb_slide heading=&#8220;Wir bauen f\u00fcr Gewerbe und Landwirtschaft&#8220; button_text=&#8220;Referenzen ansehen&#8220; button_link=&#8220;@ET-DC@eyJkeW5hbWljIjp0cnVlLCJjb250ZW50IjoicG9zdF9saW5rX3VybF9wYWdlIiwic2V0dGluZ3MiOnsicG9zdF9pZCI6IjEwIn19@&#8220; _builder_version=&#8220;4.18.0&#8243; _dynamic_attributes=&#8220;button_link&#8220; _module_preset=&#8220;default&#8220; header_level=&#8220;h4&#8243; header_font=&#8220;|||on|||||&#8220; header_text_align=&#8220;center&#8220; header_font_size=&#8220;24px&#8220; background_enable_color=&#8220;off&#8220; background_image=&#8220;https:\/\/www.ibkiep.de\/ib\/wp-content\/uploads\/treaser_kiep_2022_04.jpg&#8220; background_enable_image=&#8220;on&#8220; button_alignment=&#8220;center&#8220; hover_transition_speed_curve=&#8220;ease-in-out&#8220; global_colors_info=&#8220;{}&#8220; sticky_transition=&#8220;on&#8220;][\/et_pb_slide][\/et_pb_fullwidth_slider][\/et_pb_section][et_pb_section fb_built=&#8220;1&#8243; _builder_version=&#8220;4.18.0&#8243; _module_preset=&#8220;default&#8220; global_colors_info=&#8220;{}&#8220;][et_pb_row column_structure=&#8220;1_4,1_4,1_4,1_4&#8243; use_custom_gutter=&#8220;on&#8220; gutter_width=&#8220;2&#8243; make_equal=&#8220;on&#8220; _builder_version=&#8220;4.18.0&#8243; _module_preset=&#8220;default&#8220; custom_margin=&#8220;33px|auto||auto||&#8220; custom_padding=&#8220;49px|||||&#8220; global_colors_info=&#8220;{}&#8220;][et_pb_column type=&#8220;1_4&#8243; _builder_version=&#8220;4.18.0&#8243; _module_preset=&#8220;default&#8220; global_colors_info=&#8220;{}&#8220;][et_pb_blurb title=&#8220;Landwirtschaftsbau&#8220; url=&#8220;@ET-DC@eyJkeW5hbWljIjp0cnVlLCJjb250ZW50IjoicG9zdF9saW5rX3VybF9wYWdlIiwic2V0dGluZ3MiOnsicG9zdF9pZCI6IjgifX0=@&#8220; image=&#8220;https:\/\/www.ibkiep.de\/ib\/wp-content\/uploads\/landwirtsschaftsbau_infopic.jpg&#8220; _builder_version=&#8220;4.18.0&#8243; _dynamic_attributes=&#8220;url&#8220; _module_preset=&#8220;default&#8220; header_font=&#8220;|||on|||||&#8220; header_text_color=&#8220;#12876F&#8220; header_letter_spacing=&#8220;1px&#8220; header_line_height=&#8220;1.7em&#8220; min_height=&#8220;320px&#8220; border_width_all_image=&#8220;1px&#8220; border_color_all_image=&#8220;#D6D6D6&#8243; box_shadow_style_image=&#8220;preset4&#8243; box_shadow_color_image=&#8220;#e5e5e5&#8243; global_colors_info=&#8220;{}&#8220;]<\/p>\n<p>Hier erfahren Sie mehr \u00fcber unsere Projektbetreuung von Rinderhaltung bis Lagerst\u00e4tten f\u00fcr Ernte- und Futtermittel<\/p>\n<p>[\/et_pb_blurb][et_pb_button button_url=&#8220;\/leistungen#leistung_landwirtschaft&#8220; button_text=&#8220;mehr erfahren&#8220; button_alignment=&#8220;center&#8220; _builder_version=&#8220;4.18.0&#8243; _module_preset=&#8220;default&#8220; custom_button=&#8220;on&#8220; button_text_size=&#8220;13px&#8220; button_text_color=&#8220;#FFFFFF&#8220; button_bg_color=&#8220;RGBA(255,255,255,0)&#8220; button_bg_use_color_gradient=&#8220;on&#8220; button_bg_color_gradient_direction=&#8220;101deg&#8220; button_bg_color_gradient_stops=&#8220;#12876f 0%|rgba(18,135,111,0) 99%&#8220; button_border_width=&#8220;0px&#8220; button_border_color=&#8220;RGBA(255,255,255,0)&#8220; button_border_radius=&#8220;1px&#8220; button_font=&#8220;|300||on|||||&#8220; button_icon=&#8220;&#xe04e;||divi||400&#8243; custom_margin=&#8220;30px||||false|false&#8220; animation_style=&#8220;fade&#8220; custom_css_main_element=&#8220;width: 100%;||text-align: left;&#8220; global_colors_info=&#8220;{}&#8220;][\/et_pb_button][\/et_pb_column][et_pb_column type=&#8220;1_4&#8243; _builder_version=&#8220;4.18.0&#8243; _module_preset=&#8220;default&#8220; global_colors_info=&#8220;{}&#8220;][et_pb_blurb title=&#8220;Gewerbebau&#8220; url=&#8220;@ET-DC@eyJkeW5hbWljIjp0cnVlLCJjb250ZW50IjoicG9zdF9saW5rX3VybF9wYWdlIiwic2V0dGluZ3MiOnsicG9zdF9pZCI6IjgifX0=@&#8220; image=&#8220;https:\/\/www.ibkiep.de\/ib\/wp-content\/uploads\/gewerbebau_infopic.jpg&#8220; _builder_version=&#8220;4.18.0&#8243; _dynamic_attributes=&#8220;url&#8220; _module_preset=&#8220;default&#8220; header_font=&#8220;|||on|||||&#8220; header_text_color=&#8220;#dbc500&#8243; header_letter_spacing=&#8220;1px&#8220; header_line_height=&#8220;1.7em&#8220; min_height=&#8220;320px&#8220; border_width_all_image=&#8220;1px&#8220; border_color_all_image=&#8220;#D6D6D6&#8243; box_shadow_style_image=&#8220;preset4&#8243; box_shadow_color_image=&#8220;#e5e5e5&#8243; global_colors_info=&#8220;{}&#8220;]<\/p>\n<p>Projektbetreuung und Beratung f\u00fcr das verarbeitende und produzierende Gewerbe<\/p>\n<p>[\/et_pb_blurb][et_pb_button button_url=&#8220;\/leistungen#leistung_gewerbebau&#8220; button_text=&#8220;mehr erfahren&#8220; button_alignment=&#8220;center&#8220; _builder_version=&#8220;4.18.0&#8243; _module_preset=&#8220;default&#8220; custom_button=&#8220;on&#8220; button_text_size=&#8220;13px&#8220; button_text_color=&#8220;#FFFFFF&#8220; button_bg_color=&#8220;RGBA(255,255,255,0)&#8220; button_bg_use_color_gradient=&#8220;on&#8220; button_bg_color_gradient_direction=&#8220;101deg&#8220; button_bg_color_gradient_stops=&#8220;#dbc500 0%|rgba(18,135,111,0) 99%&#8220; button_border_width=&#8220;0px&#8220; button_border_color=&#8220;RGBA(255,255,255,0)&#8220; button_border_radius=&#8220;1px&#8220; button_font=&#8220;|300||on|||||&#8220; button_icon=&#8220;&#xe04e;||divi||400&#8243; custom_margin=&#8220;30px||||false|false&#8220; animation_style=&#8220;fade&#8220; custom_css_main_element=&#8220;width: 100%;||text-align: left;&#8220; global_colors_info=&#8220;{}&#8220;][\/et_pb_button][\/et_pb_column][et_pb_column type=&#8220;1_4&#8243; _builder_version=&#8220;4.18.0&#8243; _module_preset=&#8220;default&#8220; global_colors_info=&#8220;{}&#8220;][et_pb_blurb title=&#8220;brandschutz&#8220; url=&#8220;@ET-DC@eyJkeW5hbWljIjp0cnVlLCJjb250ZW50IjoicG9zdF9saW5rX3VybF9wYWdlIiwic2V0dGluZ3MiOnsicG9zdF9pZCI6IjgifX0=@&#8220; image=&#8220;https:\/\/www.ibkiep.de\/ib\/wp-content\/uploads\/brandschutz_infopic.jpg&#8220; _builder_version=&#8220;4.18.0&#8243; _dynamic_attributes=&#8220;url&#8220; _module_preset=&#8220;default&#8220; header_font=&#8220;|||on|||||&#8220; header_text_color=&#8220;#be212a&#8220; header_letter_spacing=&#8220;1px&#8220; header_line_height=&#8220;1.7em&#8220; min_height=&#8220;320px&#8220; border_width_all_image=&#8220;1px&#8220; border_color_all_image=&#8220;#D6D6D6&#8243; box_shadow_style_image=&#8220;preset4&#8243; box_shadow_color_image=&#8220;#e5e5e5&#8243; global_colors_info=&#8220;{}&#8220;]<\/p>\n<p>Erstellung von Brandschutzkonzeptem bis Flucht- und Rettungspl\u00e4nen.<br \/>Au\u00dferdem neu: Wasserrecht<\/p>\n<p>[\/et_pb_blurb][et_pb_button button_url=&#8220;\/leistungen#leistung_brandschutz&#8220; button_text=&#8220;mehr erfahren&#8220; button_alignment=&#8220;center&#8220; _builder_version=&#8220;4.18.0&#8243; _module_preset=&#8220;default&#8220; custom_button=&#8220;on&#8220; button_text_size=&#8220;13px&#8220; button_text_color=&#8220;#FFFFFF&#8220; button_bg_color=&#8220;RGBA(255,255,255,0)&#8220; button_bg_use_color_gradient=&#8220;on&#8220; button_bg_color_gradient_direction=&#8220;101deg&#8220; button_bg_color_gradient_stops=&#8220;#be212a 0%|rgba(18,135,111,0) 99%&#8220; button_border_width=&#8220;0px&#8220; button_border_color=&#8220;RGBA(255,255,255,0)&#8220; button_border_radius=&#8220;1px&#8220; button_font=&#8220;|300||on|||||&#8220; button_icon=&#8220;&#xe04e;||divi||400&#8243; custom_margin=&#8220;30px||||false|false&#8220; animation_style=&#8220;fade&#8220; custom_css_main_element=&#8220;width: 100%;||text-align: left;&#8220; global_colors_info=&#8220;{}&#8220;][\/et_pb_button][\/et_pb_column][et_pb_column type=&#8220;1_4&#8243; _builder_version=&#8220;4.18.0&#8243; _module_preset=&#8220;default&#8220; global_colors_info=&#8220;{}&#8220;][et_pb_blurb title=&#8220;Beratung&#8220; url=&#8220;@ET-DC@eyJkeW5hbWljIjp0cnVlLCJjb250ZW50IjoicG9zdF9saW5rX3VybF9wYWdlIiwic2V0dGluZ3MiOnsicG9zdF9pZCI6IjgifX0=@&#8220; image=&#8220;https:\/\/www.ibkiep.de\/ib\/wp-content\/uploads\/beratung_infpic.jpg&#8220; _builder_version=&#8220;4.18.0&#8243; _dynamic_attributes=&#8220;url&#8220; _module_preset=&#8220;default&#8220; header_font=&#8220;|||on|||||&#8220; header_text_color=&#8220;#8F8F8F&#8220; header_letter_spacing=&#8220;1px&#8220; header_line_height=&#8220;1.7em&#8220; min_height=&#8220;320px&#8220; border_width_all_image=&#8220;1px&#8220; border_color_all_image=&#8220;#D6D6D6&#8243; box_shadow_style_image=&#8220;preset4&#8243; box_shadow_color_image=&#8220;#e5e5e5&#8243; global_colors_info=&#8220;{}&#8220;]<\/p>\n<p>Seit 30 Jahren Ihr zuverl\u00e4ssiger Partner f\u00fcr die Planung im Landwirtschafts- und Gewerbebau.<\/p>\n<p>[\/et_pb_blurb][et_pb_button button_url=&#8220;\/leistungen#leistung_beratung&#8220; button_text=&#8220;mehr erfahren&#8220; button_alignment=&#8220;center&#8220; _builder_version=&#8220;4.18.0&#8243; _module_preset=&#8220;default&#8220; custom_button=&#8220;on&#8220; button_text_size=&#8220;13px&#8220; button_text_color=&#8220;#FFFFFF&#8220; button_bg_color=&#8220;RGBA(255,255,255,0)&#8220; button_bg_use_color_gradient=&#8220;on&#8220; button_bg_color_gradient_direction=&#8220;101deg&#8220; button_bg_color_gradient_stops=&#8220;#8f8f8f 0%|rgba(18,135,111,0) 99%&#8220; button_border_width=&#8220;0px&#8220; button_border_color=&#8220;RGBA(255,255,255,0)&#8220; button_border_radius=&#8220;1px&#8220; button_font=&#8220;|300||on|||||&#8220; button_icon=&#8220;&#xe04e;||divi||400&#8243; custom_margin=&#8220;30px||||false|false&#8220; animation_style=&#8220;fade&#8220; custom_css_main_element=&#8220;width: 100%;||text-align: left;&#8220; global_colors_info=&#8220;{}&#8220;][\/et_pb_button][\/et_pb_column][\/et_pb_row][\/et_pb_section][et_pb_section fb_built=&#8220;1&#8243; next_background_color=&#8220;#ffffff&#8220; _builder_version=&#8220;4.18.0&#8243; _module_preset=&#8220;default&#8220; background_color=&#8220;#8F8F8F&#8220; background_image=&#8220;https:\/\/www.ibkiep.de\/ib\/wp-content\/uploads\/treaser_kiep_2022_03.jpg&#8220; parallax=&#8220;on&#8220; parallax_method=&#8220;off&#8220; min_height=&#8220;40em&#8220; custom_margin=&#8220;7px||||false|false&#8220; custom_padding=&#8220;7%||||false|false&#8220; bottom_divider_style=&#8220;arrow2&#8243; global_colors_info=&#8220;{}&#8220;][et_pb_row _builder_version=&#8220;4.18.0&#8243; _module_preset=&#8220;default&#8220; background_color=&#8220;rgba(255,255,255,0.53)&#8220; custom_margin=&#8220;17px|auto||auto||&#8220; custom_padding=&#8220;30px|20px|30px|20px|false|false&#8220; border_width_all=&#8220;5px&#8220; border_color_all=&#8220;#FFFFFF&#8220; global_colors_info=&#8220;{}&#8220;][et_pb_column type=&#8220;4_4&#8243; _builder_version=&#8220;4.18.0&#8243; _module_preset=&#8220;default&#8220; global_colors_info=&#8220;{}&#8220;][et_pb_blurb use_icon=&#8220;on&#8220; font_icon=&#8220;&#x6c;||divi||400&#8243; icon_color=&#8220;#12876F&#8220; image_icon_width=&#8220;33px&#8220; _builder_version=&#8220;4.18.0&#8243; _module_preset=&#8220;default&#8220; custom_margin=&#8220;0px|0px|0px|0px|false|false&#8220; custom_padding=&#8220;0px|0px|0px|0px|false|false&#8220; global_colors_info=&#8220;{}&#8220;][\/et_pb_blurb][et_pb_text _builder_version=&#8220;4.18.0&#8243; _module_preset=&#8220;default&#8220; text_font_size=&#8220;1.4em&#8220; text_line_height=&#8220;2.3em&#8220; background_enable_color=&#8220;off&#8220; custom_padding=&#8220;||||false|false&#8220; border_color_all=&#8220;#FFFFFF&#8220; global_colors_info=&#8220;{}&#8220;]<\/p>\n<p style=\"text-align: center;\">\u00dcberzeugen Sie sich von unseren F\u00e4higkeiten und suchen Sie den Kontakt zu uns: Einen \u00dcberblick \u00fcber unsere abgeschlossenen Projekte erhalten Sie auf der Seite Referenzen. Ihre Fragen beantworten wir Ihnen selbstverst\u00e4ndlich gern<\/p>\n<p>[\/et_pb_text][et_pb_button button_url=&#8220;@ET-DC@eyJkeW5hbWljIjp0cnVlLCJjb250ZW50IjoicG9zdF9saW5rX3VybF9wYWdlIiwic2V0dGluZ3MiOnsicG9zdF9pZCI6IjE0In19@&#8220; button_text=&#8220;kontakt&#8220; button_alignment=&#8220;center&#8220; _builder_version=&#8220;4.18.0&#8243; _dynamic_attributes=&#8220;button_url&#8220; _module_preset=&#8220;default&#8220; custom_button=&#8220;on&#8220; button_text_size=&#8220;14px&#8220; button_text_color=&#8220;#FFFFFF&#8220; button_bg_color=&#8220;rgba(18,135,111,0.77)&#8220; button_border_width=&#8220;0px&#8220; button_border_radius=&#8220;0px&#8220; button_letter_spacing=&#8220;1px&#8220; button_font=&#8220;|||on|||||&#8220; button_icon=&#8220;&#xe026;||divi||400&#8243; global_colors_info=&#8220;{}&#8220;][\/et_pb_button][\/et_pb_column][\/et_pb_row][\/et_pb_section][et_pb_section fb_built=&#8220;1&#8243; _builder_version=&#8220;4.18.0&#8243; _module_preset=&#8220;default&#8220; global_colors_info=&#8220;{}&#8220;][et_pb_row column_structure=&#8220;2_5,3_5&#8243; _builder_version=&#8220;4.18.0&#8243; _module_preset=&#8220;default&#8220; border_width_bottom=&#8220;1px&#8220; border_color_bottom=&#8220;#16995c&#8220; global_colors_info=&#8220;{}&#8220;][et_pb_column type=&#8220;2_5&#8243; _builder_version=&#8220;4.18.0&#8243; _module_preset=&#8220;default&#8220; global_colors_info=&#8220;{}&#8220;][et_pb_text _builder_version=&#8220;4.18.0&#8243; _module_preset=&#8220;default&#8220; header_2_font=&#8220;||||||||&#8220; header_2_text_color=&#8220;#0a7f71&#8243; header_2_font_size=&#8220;28px&#8220; global_colors_info=&#8220;{}&#8220;]<\/p>\n<h2>AKTUELL:<\/h2>\n<h2>Wir suchen!<\/h2>\n<p>[\/et_pb_text][et_pb_button button_url=&#8220;@ET-DC@eyJkeW5hbWljIjp0cnVlLCJjb250ZW50IjoicG9zdF9saW5rX3VybF9wb3N0Iiwic2V0dGluZ3MiOnsicG9zdF9pZCI6IjcxMCJ9fQ==@&#8220; button_text=&#8220;Ganze Stellenanzeige anzeigen&#8220; button_alignment=&#8220;left&#8220; _builder_version=&#8220;4.18.0&#8243; _dynamic_attributes=&#8220;button_url&#8220; _module_preset=&#8220;default&#8220; custom_button=&#8220;on&#8220; button_text_size=&#8220;14px&#8220; button_text_color=&#8220;#FFFFFF&#8220; button_bg_color=&#8220;#005956&#8243; button_border_width=&#8220;0px&#8220; button_border_color=&#8220;RGBA(255,255,255,0)&#8220; button_font=&#8220;|||on|||||&#8220; button_use_icon=&#8220;off&#8220; hover_enabled=&#8220;0&#8243; global_colors_info=&#8220;{}&#8220; sticky_enabled=&#8220;0&#8243;][\/et_pb_button][\/et_pb_column][et_pb_column type=&#8220;3_5&#8243; _builder_version=&#8220;4.18.0&#8243; _module_preset=&#8220;default&#8220; global_colors_info=&#8220;{}&#8220;][et_pb_text _builder_version=&#8220;4.18.0&#8243; _module_preset=&#8220;default&#8220; hover_enabled=&#8220;0&#8243; global_colors_info=&#8220;{}&#8220; sticky_enabled=&#8220;0&#8243;]<\/p>\n<p><strong>Bauingenieur (m\/w\/d) f\u00fcr Hochbau oder Architekten (m\/w\/d)<\/strong><\/p>\n<p><span style=\"text-decoration: underline;\">Das Aufgabengebiet umfasst insbesondere:<\/p>\n<p><\/span><\/p>\n<ul>\n<li>Planung\/Erarbeitung von landwirtschaftlichen<\/li>\n<li>Bauvorhaben<\/li>\n<li>Erstellung von Bauantr\u00e4gen<\/li>\n<li>Erstellung von Ausschreibungen und Mitwirkung bei der Vergabe<\/li>\n<li>Objekt\u00fcberwachung und Koordination<\/li>\n<li>Erstellen von Abschlussdokumentationen<\/li>\n<\/ul>\n<p>[\/et_pb_text][\/et_pb_column][\/et_pb_row][\/et_pb_section][et_pb_section fb_built=&#8220;1&#8243; _builder_version=&#8220;4.18.0&#8243; _module_preset=&#8220;default&#8220; global_colors_info=&#8220;{}&#8220;][et_pb_row use_custom_gutter=&#8220;on&#8220; gutter_width=&#8220;2&#8243; make_equal=&#8220;on&#8220; _builder_version=&#8220;4.18.0&#8243; _module_preset=&#8220;default&#8220; module_alignment=&#8220;center&#8220; border_color_bottom=&#8220;#12876F&#8220; global_colors_info=&#8220;{}&#8220;][et_pb_column type=&#8220;4_4&#8243; _builder_version=&#8220;4.18.0&#8243; _module_preset=&#8220;default&#8220; global_colors_info=&#8220;{}&#8220;][et_pb_text _builder_version=&#8220;4.18.0&#8243; _dynamic_attributes=&#8220;link_option_url&#8220; _module_preset=&#8220;default&#8220; text_font_size=&#8220;1.1em&#8220; header_3_text_color=&#8220;#12876F&#8220; custom_margin=&#8220;||14px||false|false&#8220; custom_padding=&#8220;||1px||false|false&#8220; link_option_url=&#8220;@ET-DC@eyJkeW5hbWljIjp0cnVlLCJjb250ZW50IjoicG9zdF9saW5rX3VybF9wYWdlIiwic2V0dGluZ3MiOnsicG9zdF9pZCI6IjEwIn19@&#8220; global_colors_info=&#8220;{}&#8220;]<\/p>\n<h3>Unsere Referenzen (Ausschnitt )<\/h3>\n<p><a href=\"ib\/referenzen\">F\u00fcr einen umfangreichen \u00dcberblick \u00fcber unsere Projekte empfehlen wir den Blick in unsere <span style=\"color: #808080;\">Referenzgalerie &gt;&gt;<\/span><\/a><\/p>\n<p>[\/et_pb_text][et_pb_divider color=&#8220;#12876F&#8220; _builder_version=&#8220;4.18.0&#8243; _module_preset=&#8220;default&#8220; width=&#8220;310px&#8220; module_alignment=&#8220;left&#8220; global_colors_info=&#8220;{}&#8220;][\/et_pb_divider][et_pb_portfolio fullwidth=&#8220;off&#8220; include_categories=&#8220;25&#8243; show_pagination=&#8220;off&#8220; zoom_icon_color=&#8220;#FFFFFF&#8220; hover_overlay_color=&#8220;rgba(66,94,87,0.46)&#8220; _builder_version=&#8220;4.18.0&#8243; _module_preset=&#8220;default&#8220; title_text_align=&#8220;center&#8220; title_font_size=&#8220;19px&#8220; title_line_height=&#8220;1.6em&#8220; caption_font=&#8220;|||on|||||&#8220; caption_text_align=&#8220;center&#8220; caption_text_color=&#8220;#12876F&#8220; caption_font_size=&#8220;0.9em&#8220; caption_letter_spacing=&#8220;1px&#8220; caption_line_height=&#8220;2.3em&#8220; custom_margin=&#8220;||||false|false&#8220; custom_padding=&#8220;||||false|false&#8220; animation_style=&#8220;fade&#8220; custom_css_overlay_icon=&#8220;||\tcontent: %22Projekt ansehen%22;||\tfont-family: inherit !important;||\tfont-size: 14px;||text-transform: uppercase;||\tline-height: 1.3em; letter-spacing: 1px;||\ttext-align: center;||\ttransform: translateX(-50%) translateY(-50%);||\tmargin-left: 0px;||\twidth: 80%;&#8220; border_color_bottom=&#8220;#12876F&#8220; global_colors_info=&#8220;{}&#8220;][\/et_pb_portfolio][\/et_pb_column][\/et_pb_row][\/et_pb_section][et_pb_section fb_built=&#8220;1&#8243; prev_background_color=&#8220;#ffffff&#8220; disabled_on=&#8220;off|off|off&#8220; _builder_version=&#8220;4.18.0&#8243; _module_preset=&#8220;default&#8220; background_image=&#8220;https:\/\/www.ibkiep.de\/ib\/wp-content\/uploads\/hg_2019.jpg&#8220; height_tablet=&#8220;50px&#8220; height_phone=&#8220;50px&#8220; height_last_edited=&#8220;on|tablet&#8220; custom_margin=&#8220;-28px|||||&#8220; custom_padding=&#8220;||70px|||&#8220; top_divider_style=&#8220;arrow2&#8243; global_colors_info=&#8220;{}&#8220;][et_pb_row _builder_version=&#8220;4.18.0&#8243; _module_preset=&#8220;default&#8220; global_colors_info=&#8220;{}&#8220;][et_pb_column type=&#8220;4_4&#8243; _builder_version=&#8220;4.18.0&#8243; _module_preset=&#8220;default&#8220; global_colors_info=&#8220;{}&#8220;][\/et_pb_column][\/et_pb_row][\/et_pb_section]<\/p>\n","protected":false},"excerpt":{"rendered":"<p>&nbsp; Hier erfahren Sie mehr \u00fcber unsere Projektbetreuung von Rinderhaltung bis Lagerst\u00e4tten f\u00fcr Ernte- und FuttermittelProjektbetreuung und Beratung f\u00fcr das verarbeitende und produzierende GewerbeErstellung von Brandschutzkonzeptem bis Flucht- und Rettungspl\u00e4nen.Au\u00dferdem neu: WasserrechtSeit 30 Jahren Ihr zuverl\u00e4ssiger Partner f\u00fcr die Planung im Landwirtschafts- und Gewerbebau.\u00dcberzeugen Sie sich von unseren F\u00e4higkeiten und suchen Sie den Kontakt zu [&hellip;]<\/p>\n","protected":false},"author":1,"featured_media":0,"parent":0,"menu_order":0,"comment_status":"closed","ping_status":"closed","template":"","meta":{"_et_pb_use_builder":"on","_et_pb_old_content":"","_et_gb_content_width":""},"_links":{"self":[{"href":"https:\/\/www.ibkiep.de\/ib\/wp-json\/wp\/v2\/pages\/12"}],"collection":[{"href":"https:\/\/www.ibkiep.de\/ib\/wp-json\/wp\/v2\/pages"}],"about":[{"href":"https:\/\/www.ibkiep.de\/ib\/wp-json\/wp\/v2\/types\/page"}],"author":[{"embeddable":true,"href":"https:\/\/www.ibkiep.de\/ib\/wp-json\/wp\/v2\/users\/1"}],"replies":[{"embeddable":true,"href":"https:\/\/www.ibkiep.de\/ib\/wp-json\/wp\/v2\/comments?post=12"}],"version-history":[{"count":24,"href":"https:\/\/www.ibkiep.de\/ib\/wp-json\/wp\/v2\/pages\/12\/revisions"}],"predecessor-version":[{"id":719,"href":"https:\/\/www.ibkiep.de\/ib\/wp-json\/wp\/v2\/pages\/12\/revisions\/719"}],"wp:attachment":[{"href":"https:\/\/www.ibkiep.de\/ib\/wp-json\/wp\/v2\/media?parent=12"}],"curies":[{"name":"wp","href":"https:\/\/api.w.org\/{rel}","templated":true}]}}