{"id":14,"date":"2022-08-30T12:05:54","date_gmt":"2022-08-30T10:05:54","guid":{"rendered":"https:\/\/www.ibkiep.de\/ib\/?page_id=14"},"modified":"2022-09-02T22:29:44","modified_gmt":"2022-09-02T20:29:44","slug":"kontakt","status":"publish","type":"page","link":"https:\/\/www.ibkiep.de\/ib\/kontakt\/","title":{"rendered":"Kontakt"},"content":{"rendered":"<p>[et_pb_section fb_built=&#8220;1&#8243; admin_label=&#8220;header&#8220; _builder_version=&#8220;4.18.0&#8243; _module_preset=&#8220;default&#8220; background_enable_image=&#8220;off&#8220; global_colors_info=&#8220;{}&#8220;][et_pb_row _builder_version=&#8220;4.18.0&#8243; _module_preset=&#8220;default&#8220; global_colors_info=&#8220;{}&#8220;][et_pb_column type=&#8220;4_4&#8243; _builder_version=&#8220;4.18.0&#8243; _module_preset=&#8220;default&#8220; global_colors_info=&#8220;{}&#8220;][et_pb_text _builder_version=&#8220;4.18.0&#8243; _module_preset=&#8220;default&#8220; text_font=&#8220;|700|||||||&#8220; text_text_color=&#8220;#12876F&#8220; text_font_size=&#8220;12px&#8220; text_line_height=&#8220;1.6em&#8220; header_3_font=&#8220;||||||||&#8220; header_3_text_color=&#8220;#12876F&#8220; header_3_line_height=&#8220;2.3em&#8220; text_orientation=&#8220;center&#8220; custom_margin=&#8220;||-3px|||&#8220; custom_padding=&#8220;11px|||||&#8220; animation_style=&#8220;fade&#8220; animation_direction=&#8220;left&#8220; border_color_bottom=&#8220;#12876F&#8220; global_colors_info=&#8220;{}&#8220;]<\/p>\n<h3 style=\"text-align: center;\">Suchen Sie gern die Kontakt zu uns<\/h3>\n<p>[\/et_pb_text][et_pb_divider color=&#8220;#12876F&#8220; _builder_version=&#8220;4.18.0&#8243; _module_preset=&#8220;default&#8220; width=&#8220;12%&#8220; module_alignment=&#8220;center&#8220; global_colors_info=&#8220;{}&#8220;][\/et_pb_divider][\/et_pb_column][\/et_pb_row][\/et_pb_section][et_pb_section fb_built=&#8220;1&#8243; _builder_version=&#8220;4.18.0&#8243; _module_preset=&#8220;default&#8220; collapsed=&#8220;off&#8220; global_colors_info=&#8220;{}&#8220;][et_pb_row column_structure=&#8220;1_3,2_3&#8243; custom_padding_last_edited=&#8220;on|phone&#8220; _builder_version=&#8220;4.18.0&#8243; _module_preset=&#8220;default&#8220; custom_margin=&#8220;-51px|auto|||false|false&#8220; custom_margin_tablet=&#8220;-51px|auto|||false|false&#8220; custom_margin_phone=&#8220;-70px|auto|||false|false&#8220; custom_margin_last_edited=&#8220;on|phone&#8220; custom_padding=&#8220;|||220px|false|false&#8220; custom_padding_tablet=&#8220;|||60px|false|false&#8220; custom_padding_phone=&#8220;|||0px|false|false&#8220; hover_enabled=&#8220;0&#8243; global_colors_info=&#8220;{}&#8220; sticky_enabled=&#8220;0&#8243;][et_pb_column type=&#8220;1_3&#8243; _builder_version=&#8220;4.18.0&#8243; _module_preset=&#8220;default&#8220; global_colors_info=&#8220;{}&#8220;][et_pb_image src=&#8220;https:\/\/www.ibkiep.de\/ib\/wp-content\/uploads\/ibkiep_team2021.jpg&#8220; title_text=&#8220;ibkiep_team2021&#8243; _builder_version=&#8220;4.18.0&#8243; _module_preset=&#8220;default&#8220; animation_style=&#8220;fade&#8220; animation_direction=&#8220;top&#8220; global_colors_info=&#8220;{}&#8220;][\/et_pb_image][\/et_pb_column][et_pb_column type=&#8220;2_3&#8243; _builder_version=&#8220;4.18.0&#8243; _module_preset=&#8220;default&#8220; global_colors_info=&#8220;{}&#8220;][et_pb_text _builder_version=&#8220;4.18.0&#8243; _module_preset=&#8220;default&#8220; custom_padding=&#8220;|||2px||&#8220; animation_style=&#8220;fade&#8220; animation_direction=&#8220;right&#8220; global_colors_info=&#8220;{}&#8220;]<\/p>\n<div class=\"wpb_column vc_column_container vc_col-sm-6 vc_col-lg-6 vc_col-md-6 vc_col-xs-12\">\n<div class=\"vc_column-inner vc_custom_1494248626671\">\n<div class=\"wpb_wrapper\">\n<div class=\"wpb_text_column wpb_content_element \">\n<div class=\"wpb_wrapper\">\n<p><strong>Ingenieurb\u00fcro A. Kiep &amp; C. Moser GbR<\/strong><\/p>\n<\/div>\n<\/div>\n<div class=\"wpb_text_column wpb_content_element \">\n<div class=\"wpb_wrapper\">\n<p>Thomas-M\u00fcntzer-Str. 34<br \/>06842 Dessau-Ro\u00dflau<\/p>\n<p><img loading=\"lazy\" class=\"alignnone size-full wp-image-6632\" src=\"https:\/\/www.ibkiep.de\/ib\/wp-content\/uploads\/2017\/01\/line.jpg\" sizes=\"(max-width: 294px) 100vw, 294px\" srcset=\"https:\/\/www.ibkiep.de\/ib\/wp-content\/uploads\/2017\/01\/line.jpg 294w, https:\/\/www.ibkiep.de\/ib\/wp-content\/uploads\/2017\/01\/line-150x1.jpg 150w\" alt=\"\" width=\"294\" height=\"1\" \/><\/p>\n<p>Telefon: <span style=\"color: #ffffff;\">\u2026\u2026\u2026\u2026\u2026\u2026.<\/span>0340 \/ 870 555 80<br \/>Fax:<span style=\"color: #ffffff;\"> \u2026\u2026\u2026\u2026\u2026&#8230;\u2026\u2026\u2026<\/span>0340 \/ 870 555 85<br \/>Mobil: <span style=\"color: #ffffff;\">\u2026\u2026\u2026\u2026\u2026\u2026\u2026.<\/span>0172 \/ 39 55 043<\/p>\n<\/div>\n<\/div>\n<div class=\"vc_empty_space\"><\/div>\n<\/div>\n<\/div>\n<\/div>\n<p>[\/et_pb_text][et_pb_text _builder_version=&#8220;4.18.0&#8243; _module_preset=&#8220;default&#8220; custom_padding=&#8220;||3px|||&#8220; global_colors_info=&#8220;{}&#8220;]<\/p>\n<div class=\"wpb_column vc_column_container vc_col-sm-6 vc_col-lg-6 vc_col-md-6 vc_hidden-xs\">\n<div class=\"vc_column-inner vc_custom_1494248498992\">\n<div class=\"wpb_wrapper\">\n<div class=\"wpb_text_column wpb_content_element \">\n<div class=\"vc_empty_space\"><strong>Sie m\u00f6chten uns etwas mitteilen, <\/strong><strong>oder haben eine Anfrage an uns?<\/strong><\/div>\n<\/div>\n<div class=\"wpb_text_column wpb_content_element \">\n<div class=\"wpb_wrapper\">\n<p>Kontaktieren Sie uns: E-Mail: <a href=\"mailto:ibkiep@aol.com\">info | et | ibkiep.de<\/a><br \/><img loading=\"lazy\" class=\"alignnone size-full wp-image-6632\" src=\"https:\/\/www.ibkiep.de\/ib\/wp-content\/uploads\/2017\/01\/line.jpg\" sizes=\"(max-width: 294px) 100vw, 294px\" srcset=\"https:\/\/www.ibkiep.de\/ib\/wp-content\/uploads\/2017\/01\/line.jpg 294w, https:\/\/www.ibkiep.de\/ib\/wp-content\/uploads\/2017\/01\/line-150x1.jpg 150w\" alt=\"\" width=\"294\" height=\"1\" \/><\/p>\n<p><a href=\"mailto:ibkiep@aol.com\"><\/a><\/p>\n<\/div>\n<\/div>\n<\/div>\n<\/div>\n<\/div>\n<p>[\/et_pb_text][\/et_pb_column][\/et_pb_row][\/et_pb_section][et_pb_section fb_built=&#8220;1&#8243; prev_background_color=&#8220;#ffffff&#8220; _builder_version=&#8220;4.18.0&#8243; _module_preset=&#8220;default&#8220; background_enable_color=&#8220;off&#8220; background_image=&#8220;https:\/\/www.ibkiep.de\/ib\/wp-content\/uploads\/1080298_light.jpg&#8220; parallax=&#8220;on&#8220; min_height=&#8220;40em&#8220; custom_margin=&#8220;-1px||||false|false&#8220; custom_padding=&#8220;0.1%||43px||false|false&#8220; top_divider_style=&#8220;arrow2&#8243; collapsed=&#8220;on&#8220; global_colors_info=&#8220;{}&#8220;][et_pb_row _builder_version=&#8220;4.18.0&#8243; _module_preset=&#8220;default&#8220; background_color=&#8220;rgba(255,255,255,0.53)&#8220; width=&#8220;100%&#8220; max_width=&#8220;100%&#8220; module_alignment=&#8220;center&#8220; custom_margin=&#8220;124px|auto||auto||&#8220; custom_padding=&#8220;30px|20px|30px|20px|false|false&#8220; border_width_all=&#8220;5px&#8220; border_color_all=&#8220;#FFFFFF&#8220; global_colors_info=&#8220;{}&#8220;][et_pb_column type=&#8220;4_4&#8243; _builder_version=&#8220;4.18.0&#8243; _module_preset=&#8220;default&#8220; global_colors_info=&#8220;{}&#8220;][et_pb_text _builder_version=&#8220;4.18.0&#8243; _module_preset=&#8220;default&#8220; global_colors_info=&#8220;{}&#8220;]<iframe loading=\"lazy\" style=\"border: 0;\" src=\"https:\/\/www.google.com\/maps\/embed?pb=!1m18!1m12!1m3!1d2466.315327437047!2d12.234421315604536!3d51.81866997968755!2m3!1f0!2f0!3f0!3m2!1i1024!2i768!4f13.1!3m3!1m2!1s0x47a616ae199f0c7d%3A0xd139748a8baf01ad!2sThomas-M%C3%BCntzer-Stra%C3%9Fe+34%2C+06842+Dessau-Ro%C3%9Flau!5e0!3m2!1sde!2sde!4v1485980166202\" width=\"100%\" height=\"450\" frameborder=\"0\" allowfullscreen=\"allowfullscreen\"><\/iframe>[\/et_pb_text][\/et_pb_column][\/et_pb_row][\/et_pb_section]<\/p>\n","protected":false},"excerpt":{"rendered":"<p>Suchen Sie gern die Kontakt zu uns Ingenieurb\u00fcro A. Kiep &amp; C. Moser GbR Thomas-M\u00fcntzer-Str. 3406842 Dessau-Ro\u00dflau Telefon: \u2026\u2026\u2026\u2026\u2026\u2026.0340 \/ 870 555 80Fax: \u2026\u2026\u2026\u2026\u2026&#8230;\u2026\u2026\u20260340 \/ 870 555 85Mobil: \u2026\u2026\u2026\u2026\u2026\u2026\u2026.0172 \/ 39 55 043 Sie m\u00f6chten uns etwas mitteilen, oder haben eine Anfrage an uns? Kontaktieren Sie uns: E-Mail: info | et | ibkiep.de<\/p>\n","protected":false},"author":1,"featured_media":0,"parent":0,"menu_order":0,"comment_status":"closed","ping_status":"closed","template":"","meta":{"_et_pb_use_builder":"on","_et_pb_old_content":"","_et_gb_content_width":""},"_links":{"self":[{"href":"https:\/\/www.ibkiep.de\/ib\/wp-json\/wp\/v2\/pages\/14"}],"collection":[{"href":"https:\/\/www.ibkiep.de\/ib\/wp-json\/wp\/v2\/pages"}],"about":[{"href":"https:\/\/www.ibkiep.de\/ib\/wp-json\/wp\/v2\/types\/page"}],"author":[{"embeddable":true,"href":"https:\/\/www.ibkiep.de\/ib\/wp-json\/wp\/v2\/users\/1"}],"replies":[{"embeddable":true,"href":"https:\/\/www.ibkiep.de\/ib\/wp-json\/wp\/v2\/comments?post=14"}],"version-history":[{"count":11,"href":"https:\/\/www.ibkiep.de\/ib\/wp-json\/wp\/v2\/pages\/14\/revisions"}],"predecessor-version":[{"id":640,"href":"https:\/\/www.ibkiep.de\/ib\/wp-json\/wp\/v2\/pages\/14\/revisions\/640"}],"wp:attachment":[{"href":"https:\/\/www.ibkiep.de\/ib\/wp-json\/wp\/v2\/media?parent=14"}],"curies":[{"name":"wp","href":"https:\/\/api.w.org\/{rel}","templated":true}]}}