{"id":16,"date":"2022-08-30T12:06:01","date_gmt":"2022-08-30T10:06:01","guid":{"rendered":"https:\/\/www.ibkiep.de\/ib\/?page_id=16"},"modified":"2022-10-26T12:43:32","modified_gmt":"2022-10-26T10:43:32","slug":"impressum","status":"publish","type":"page","link":"https:\/\/www.ibkiep.de\/ib\/impressum\/","title":{"rendered":"Impressum"},"content":{"rendered":"<p>[et_pb_section fb_built=&#8220;1&#8243; admin_label=&#8220;header&#8220; _builder_version=&#8220;4.18.0&#8243; _module_preset=&#8220;default&#8220; background_enable_image=&#8220;off&#8220; global_colors_info=&#8220;{}&#8220;][et_pb_row _builder_version=&#8220;4.18.0&#8243; _module_preset=&#8220;default&#8220; global_colors_info=&#8220;{}&#8220;][et_pb_column type=&#8220;4_4&#8243; _builder_version=&#8220;4.18.0&#8243; _module_preset=&#8220;default&#8220; global_colors_info=&#8220;{}&#8220;][et_pb_text _builder_version=&#8220;4.18.0&#8243; _module_preset=&#8220;default&#8220; text_font=&#8220;|700|||||||&#8220; text_text_color=&#8220;#12876F&#8220; text_font_size=&#8220;12px&#8220; text_line_height=&#8220;1.6em&#8220; header_3_font=&#8220;||||||||&#8220; header_3_text_color=&#8220;#12876F&#8220; header_3_line_height=&#8220;2.3em&#8220; text_orientation=&#8220;center&#8220; custom_margin=&#8220;||-3px|||&#8220; custom_padding=&#8220;11px|||||&#8220; animation_style=&#8220;fade&#8220; animation_direction=&#8220;left&#8220; border_color_bottom=&#8220;#12876F&#8220; global_colors_info=&#8220;{}&#8220;]<\/p>\n<h3 style=\"text-align: center;\">Impressum<\/h3>\n<p>[\/et_pb_text][et_pb_divider color=&#8220;#12876F&#8220; _builder_version=&#8220;4.18.0&#8243; _module_preset=&#8220;default&#8220; width=&#8220;12%&#8220; module_alignment=&#8220;center&#8220; global_colors_info=&#8220;{}&#8220;][\/et_pb_divider][\/et_pb_column][\/et_pb_row][\/et_pb_section][et_pb_section fb_built=&#8220;1&#8243; _builder_version=&#8220;4.18.0&#8243; _module_preset=&#8220;default&#8220; collapsed=&#8220;off&#8220; global_colors_info=&#8220;{}&#8220;][et_pb_row column_structure=&#8220;1_3,1_3,1_3&#8243; _builder_version=&#8220;4.18.0&#8243; _module_preset=&#8220;default&#8220; custom_margin=&#8220;-51px|auto||auto||&#8220; global_colors_info=&#8220;{}&#8220;][et_pb_column type=&#8220;1_3&#8243; _builder_version=&#8220;4.18.0&#8243; _module_preset=&#8220;default&#8220; global_colors_info=&#8220;{}&#8220;][et_pb_text _builder_version=&#8220;4.18.0&#8243; _module_preset=&#8220;default&#8220; custom_padding=&#8220;|||2px||&#8220; border_color_top=&#8220;#12876F&#8220; border_width_bottom=&#8220;1px&#8220; border_color_bottom=&#8220;#12876F&#8220; global_colors_info=&#8220;{}&#8220;]<\/p>\n<div class=\"wpb_column vc_column_container vc_col-sm-6 vc_col-lg-6 vc_col-md-6 vc_col-xs-12\">\n<div class=\"wpb_column vc_column_container vc_col-sm-4\">\n<div class=\"vc_column-inner\">\n<div class=\"wpb_wrapper\">\n<div class=\"wpb_text_column wpb_content_element \">\n<div class=\"wpb_wrapper\">\n<p><strong>Gesch\u00e4ftsf\u00fchrung<\/strong><\/p>\n<p>Christoph Moser<br \/>Anette Kiep<\/p>\n<p>Thomas-M\u00fcntzer Strasse 34<br \/>06842 Dessau-Ro\u00dflau<\/p>\n<p>Telefon: 0340 \u2013 870 555 80<br \/>Fax: 0340 \u2013 870 555 85<br \/>E-Mail: info | et | ibkiep.de<\/p>\n<p>&nbsp;<\/p>\n<p>&nbsp;<\/p>\n<p>&nbsp;<\/p>\n<\/div>\n<\/div>\n<\/div>\n<\/div>\n<\/div>\n<\/div>\n<p>[\/et_pb_text][\/et_pb_column][et_pb_column type=&#8220;1_3&#8243; _builder_version=&#8220;4.18.0&#8243; _module_preset=&#8220;default&#8220; global_colors_info=&#8220;{}&#8220;][et_pb_text _builder_version=&#8220;4.18.0&#8243; _module_preset=&#8220;default&#8220; custom_padding=&#8220;|||2px||&#8220; border_color_top=&#8220;#12876F&#8220; border_width_right=&#8220;1px&#8220; border_color_right=&#8220;#12876F&#8220; global_colors_info=&#8220;{}&#8220;]<\/p>\n<div class=\"wpb_column vc_column_container vc_col-sm-6 vc_col-lg-6 vc_col-md-6 vc_col-xs-12\">\n<div class=\"wpb_column vc_column_container vc_col-sm-4\">\n<div class=\"vc_column-inner\">\n<div class=\"wpb_wrapper\">\n<div class=\"wpb_text_column wpb_content_element \">\n<div class=\"wpb_wrapper\">\n<div class=\"wpb_column vc_column_container vc_col-sm-4\">\n<div class=\"vc_column-inner\">\n<div class=\"wpb_wrapper\">\n<div class=\"wpb_text_column wpb_content_element \">\n<div class=\"wpb_wrapper\">\n<p><strong>Rechtliche Angaben<\/strong><\/p>\n<p>Angaben gem\u00e4\u00df \u00a7 5 TMG: Seiteninhaber und Seitenbetreiber:<br \/>ib KIEP &amp; MOSER GbR<\/p>\n<p>St.Nr. ( gem\u00e4\u00df \u00a727 a Umsatzsteuergesetz:) 114\/173\/43204<\/p>\n<p>Verantwortlich f\u00fcr diese Webseite lt. TMG:<br \/>ib KIEP &amp; MOSER GbR<br \/>i.A. Anette Kiep \/ Christoph Moser<\/p>\n<\/div>\n<\/div>\n<\/div>\n<\/div>\n<\/div>\n<\/div>\n<\/div>\n<\/div>\n<\/div>\n<\/div>\n<\/div>\n<p>[\/et_pb_text][\/et_pb_column][et_pb_column type=&#8220;1_3&#8243; _builder_version=&#8220;4.18.0&#8243; _module_preset=&#8220;default&#8220; global_colors_info=&#8220;{}&#8220;][et_pb_text _builder_version=&#8220;4.18.0&#8243; _module_preset=&#8220;default&#8220; custom_padding=&#8220;|||2px||&#8220; hover_enabled=&#8220;0&#8243; border_width_top=&#8220;1px&#8220; border_color_top=&#8220;#12876F&#8220; global_colors_info=&#8220;{}&#8220; sticky_enabled=&#8220;0&#8243;]<\/p>\n<div class=\"wpb_column vc_column_container vc_col-sm-6 vc_col-lg-6 vc_col-md-6 vc_col-xs-12\">\n<div class=\"wpb_column vc_column_container vc_col-sm-4\">\n<div class=\"vc_column-inner\">\n<div class=\"wpb_wrapper\">\n<div class=\"wpb_text_column wpb_content_element \">\n<div class=\"wpb_wrapper\">\n<div class=\"wpb_column vc_column_container vc_col-sm-4\">\n<div class=\"vc_column-inner\">\n<div class=\"wpb_wrapper\">\n<div class=\"wpb_text_column wpb_content_element \">\n<div class=\"wpb_wrapper\">\n<div class=\"wpb_column vc_column_container vc_col-sm-4\">\n<div class=\"vc_column-inner\">\n<div class=\"wpb_wrapper\">\n<div class=\"wpb_text_column wpb_content_element \">\n<div class=\"wpb_wrapper\">\n<p>&nbsp;<\/p>\n<p><strong>System und Gestaltung<\/strong><\/p>\n<p>Umgesetzt mit: CM-System <a href=\"https:\/\/de.wordpress.org\/\">WordPress<br \/><\/a>Theme mit Dank an: <a href=\"https:\/\/www.elegantthemes.com\/gallery\/divi\/?utm_source=Branded&amp;utm_medium=Divi&amp;utm_campaign=Google%20Search&amp;gclid=EAIaIQobChMIqeLIkL3z-QIVWBkGAB1lUAbpEAAYASAAEgJ9PfD_BwE\" target=\"_blank\" rel=\"noopener\">DIVI<\/a><\/p>\n<p>Individuelle Anpassung und Gestaltung:<br \/>Dipl.-Des. L. Henriette Rammelt \/ <a href=\"http:\/\/www.atelier-lhr.de\">Atelier-LHR<\/a><\/p>\n<p>Fotos:<br \/>\u00a9 ib KIEP &amp; MOSER GbR \/\/ \u00a9 Atelier LHR<br \/>Ausnahme LandingPage-Logo-Teaser: <br \/>AdobeStock.com \u00a9 <a href=\"https:\/\/stock.adobe.com\/de\/images\/baugewerbe-luftbild-industriehallenneubau-mit-baukran-aus-der-vogelperspektive\/235337415?prev_url=detail\" target=\"_blank\" rel=\"noopener\">Countrypixel<\/a><br \/>Themenbild &#8222;Brandschutz&#8220; \u00a9 <a href=\"https:\/\/stock.adobe.com\/de\/images\/clean-agent-fire-suppression-system-used-in-data-centers-backup-battery-rooms-electrical-rooms-under-400-volts-sub-floors-or-tape-storage-libraries\/508535845\" target=\"_blank\" rel=\"noopener\">Jan Dzacovsky<\/a><\/p>\n<\/div>\n<\/div>\n<\/div>\n<\/div>\n<\/div>\n<\/div>\n<\/div>\n<\/div>\n<\/div>\n<\/div>\n<\/div>\n<\/div>\n<\/div>\n<\/div>\n<\/div>\n<\/div>\n<p>[\/et_pb_text][\/et_pb_column][\/et_pb_row][\/et_pb_section][et_pb_section fb_built=&#8220;1&#8243; _builder_version=&#8220;4.18.0&#8243; _module_preset=&#8220;default&#8220; global_colors_info=&#8220;{}&#8220;][et_pb_row _builder_version=&#8220;4.18.0&#8243; _module_preset=&#8220;default&#8220; global_colors_info=&#8220;{}&#8220;][et_pb_column type=&#8220;4_4&#8243; _builder_version=&#8220;4.18.0&#8243; _module_preset=&#8220;default&#8220; global_colors_info=&#8220;{}&#8220;][et_pb_text _builder_version=&#8220;4.18.0&#8243; _module_preset=&#8220;default&#8220; custom_padding=&#8220;20px|20px|20px|20px|false|false&#8220; border_width_all=&#8220;1px&#8220; border_color_all=&#8220;#12876F&#8220; border_width_top=&#8220;34px&#8220; global_colors_info=&#8220;{}&#8220;]<\/p>\n<div id=\"ui-id-2\" class=\"edgtf-accordion-content ui-accordion-content ui-helper-reset ui-widget-content ui-corner-bottom ui-accordion-content-active\" role=\"tabpanel\" aria-labelledby=\"ui-id-1\" aria-hidden=\"false\">\n<div class=\"edgtf-accordion-content-inner\">\n<div class=\"wpb_text_column wpb_content_element \">\n<div class=\"wpb_wrapper\">\n<p><strong>Haftung f\u00fcr Inhalte<\/strong><\/p>\n<p>Als Diensteanbieter sind wir gem\u00e4\u00df \u00a7 7 Abs.1 TMG f\u00fcr eigene Inhalte auf diesen Seiten nach den allgemeinen Gesetzen verantwortlich. Nach \u00a7\u00a7 8 bis 10 TMG sind wir als Diensteanbieter jedoch nicht verpflichtet, \u00fcbermittelte oder gespeicherte fremde Informationen zu \u00fcberwachen oder nach Umst\u00e4nden zu forschen, die auf eine rechtswidrige T\u00e4tigkeit hinweisen.<\/p>\n<p>Verpflichtungen zur Entfernung oder Sperrung der Nutzung von Informationen nach den allgemeinen Gesetzen bleiben hiervon unber\u00fchrt. Eine diesbez\u00fcgliche Haftung ist jedoch erst ab dem Zeitpunkt der Kenntnis einer konkreten Rechtsverletzung m\u00f6glich. Bei Bekanntwerden von entsprechenden Rechtsverletzungen werden wir diese Inhalte umgehend entfernen.<\/p>\n<p><strong>Haftung f\u00fcr Links<\/strong><\/p>\n<p>Unser Angebot enth\u00e4lt Links zu externen Websites Dritter, auf deren Inhalte wir keinen Einfluss haben. Deshalb k\u00f6nnen wir f\u00fcr diese fremden Inhalte auch keine Gew\u00e4hr \u00fcbernehmen. F\u00fcr die Inhalte der verlinkten Seiten ist stets der jeweilige Anbieter oder Betreiber der Seiten verantwortlich. Die verlinkten Seiten wurden zum Zeitpunkt der Verlinkung auf m\u00f6gliche Rechtsverst\u00f6\u00dfe \u00fcberpr\u00fcft. Rechtswidrige Inhalte waren zum Zeitpunkt der Verlinkung nicht erkennbar.<\/p>\n<p>Eine permanente inhaltliche Kontrolle der verlinkten Seiten ist jedoch ohne konkrete Anhaltspunkte einer Rechtsverletzung nicht zumutbar. Bei Bekanntwerden von Rechtsverletzungen werden wir derartige Links umgehend entfernen.<\/p>\n<p><strong>Urheberrecht<\/strong><\/p>\n<p>Die durch die Seitenbetreiber erstellten Inhalte und Werke auf diesen Seiten unterliegen dem deutschen Urheberrecht. Die Vervielf\u00e4ltigung, Bearbeitung, Verbreitung und jede Art der Verwertung au\u00dferhalb der Grenzen des Urheberrechtes bed\u00fcrfen der schriftlichen Zustimmung des jeweiligen Autors bzw. Erstellers. Downloads und Kopien dieser Seite sind nur f\u00fcr den privaten, nicht kommerziellen Gebrauch gestattet.<\/p>\n<p>Soweit die Inhalte auf dieser Seite nicht vom Betreiber erstellt wurden, werden die Urheberrechte Dritter beachtet. Insbesondere werden Inhalte Dritter als solche gekennzeichnet. Sollten Sie trotzdem auf eine Urheberrechtsverletzung aufmerksam werden, bitten wir um einen entsprechenden Hinweis. Bei Bekanntwerden von Rechtsverletzungen werden wir derartige Inhalte umgehend entfernen.<\/p>\n<\/div>\n<\/div>\n<\/div>\n<\/div>\n<p>[\/et_pb_text][\/et_pb_column][\/et_pb_row][\/et_pb_section]<\/p>\n","protected":false},"excerpt":{"rendered":"<p>Impressum Gesch\u00e4ftsf\u00fchrung Christoph MoserAnette Kiep Thomas-M\u00fcntzer Strasse 3406842 Dessau-Ro\u00dflau Telefon: 0340 \u2013 870 555 80Fax: 0340 \u2013 870 555 85E-Mail: info | et | ibkiep.de &nbsp; &nbsp; &nbsp; Rechtliche Angaben Angaben gem\u00e4\u00df \u00a7 5 TMG: Seiteninhaber und Seitenbetreiber:ib KIEP &amp; MOSER GbR St.Nr. ( gem\u00e4\u00df \u00a727 a Umsatzsteuergesetz:) 114\/173\/43204 Verantwortlich f\u00fcr diese Webseite lt. TMG:ib [&hellip;]<\/p>\n","protected":false},"author":1,"featured_media":0,"parent":0,"menu_order":0,"comment_status":"closed","ping_status":"closed","template":"","meta":{"_et_pb_use_builder":"on","_et_pb_old_content":"","_et_gb_content_width":""},"_links":{"self":[{"href":"https:\/\/www.ibkiep.de\/ib\/wp-json\/wp\/v2\/pages\/16"}],"collection":[{"href":"https:\/\/www.ibkiep.de\/ib\/wp-json\/wp\/v2\/pages"}],"about":[{"href":"https:\/\/www.ibkiep.de\/ib\/wp-json\/wp\/v2\/types\/page"}],"author":[{"embeddable":true,"href":"https:\/\/www.ibkiep.de\/ib\/wp-json\/wp\/v2\/users\/1"}],"replies":[{"embeddable":true,"href":"https:\/\/www.ibkiep.de\/ib\/wp-json\/wp\/v2\/comments?post=16"}],"version-history":[{"count":7,"href":"https:\/\/www.ibkiep.de\/ib\/wp-json\/wp\/v2\/pages\/16\/revisions"}],"predecessor-version":[{"id":696,"href":"https:\/\/www.ibkiep.de\/ib\/wp-json\/wp\/v2\/pages\/16\/revisions\/696"}],"wp:attachment":[{"href":"https:\/\/www.ibkiep.de\/ib\/wp-json\/wp\/v2\/media?parent=16"}],"curies":[{"name":"wp","href":"https:\/\/api.w.org\/{rel}","templated":true}]}}