{"id":6,"date":"2022-08-30T12:04:59","date_gmt":"2022-08-30T10:04:59","guid":{"rendered":"https:\/\/www.ibkiep.de\/ib\/?page_id=6"},"modified":"2025-03-22T20:31:18","modified_gmt":"2025-03-22T19:31:18","slug":"ib-kiep-moser","status":"publish","type":"page","link":"https:\/\/www.ibkiep.de\/ib\/ib-kiep-moser\/","title":{"rendered":"ib Kiep &#038; Moser"},"content":{"rendered":"<p>[et_pb_section fb_built=&#8220;1&#8243; admin_label=&#8220;header&#8220; _builder_version=&#8220;4.18.0&#8243; _module_preset=&#8220;default&#8220; background_enable_image=&#8220;off&#8220; global_colors_info=&#8220;{}&#8220;][et_pb_row _builder_version=&#8220;4.18.0&#8243; _module_preset=&#8220;default&#8220; global_colors_info=&#8220;{}&#8220;][et_pb_column type=&#8220;4_4&#8243; _builder_version=&#8220;4.18.0&#8243; _module_preset=&#8220;default&#8220; global_colors_info=&#8220;{}&#8220;][et_pb_text _builder_version=&#8220;4.18.0&#8243; _module_preset=&#8220;default&#8220; text_font=&#8220;|700|||||||&#8220; text_text_color=&#8220;#12876F&#8220; text_font_size=&#8220;12px&#8220; text_line_height=&#8220;1.6em&#8220; header_3_font=&#8220;||||||||&#8220; header_3_text_color=&#8220;#12876F&#8220; header_3_line_height=&#8220;2.3em&#8220; text_orientation=&#8220;center&#8220; custom_margin=&#8220;||-3px|||&#8220; custom_padding=&#8220;11px|||||&#8220; animation_style=&#8220;fade&#8220; animation_direction=&#8220;left&#8220; border_color_bottom=&#8220;#12876F&#8220; global_colors_info=&#8220;{}&#8220;]<\/p>\n<h3 style=\"text-align: center;\">Unser Team vertritt Ihre Interessen von der Idee bis zur \u00dcbergabe<\/h3>\n<p>[\/et_pb_text][et_pb_divider color=&#8220;#12876F&#8220; _builder_version=&#8220;4.18.0&#8243; _module_preset=&#8220;default&#8220; width=&#8220;12%&#8220; module_alignment=&#8220;center&#8220; global_colors_info=&#8220;{}&#8220;][\/et_pb_divider][\/et_pb_column][\/et_pb_row][\/et_pb_section][et_pb_section fb_built=&#8220;1&#8243; _builder_version=&#8220;4.18.0&#8243; _module_preset=&#8220;default&#8220; collapsed=&#8220;off&#8220; global_colors_info=&#8220;{}&#8220;][et_pb_row column_structure=&#8220;1_3,1_3,1_3&#8243; _builder_version=&#8220;4.18.0&#8243; _module_preset=&#8220;default&#8220; custom_margin=&#8220;-51px|auto||auto||&#8220; global_colors_info=&#8220;{}&#8220;][et_pb_column type=&#8220;1_3&#8243; _builder_version=&#8220;4.18.0&#8243; _module_preset=&#8220;default&#8220; global_colors_info=&#8220;{}&#8220;][et_pb_image src=&#8220;https:\/\/www.ibkiep.de\/ib\/wp-content\/uploads\/AKiep_00web.jpg&#8220; title_text=&#8220;AKiep_00web&#8220; _builder_version=&#8220;4.18.0&#8243; _module_preset=&#8220;default&#8220; global_colors_info=&#8220;{}&#8220;][\/et_pb_image][et_pb_text _builder_version=&#8220;4.18.0&#8243; _module_preset=&#8220;default&#8220; global_colors_info=&#8220;{}&#8220;]<\/p>\n<div class=\"edgtf-team-title-holder normal_social\">\n<h3 class=\"edgtf-team-name\" style=\"text-align: center;\">Anette Kiep<\/h3>\n<h6 class=\"edgtf-team-position\" style=\"text-align: center;\"><span style=\"color: #808080;\"><em>Gesch\u00e4ftsf\u00fchrerin \/ Diplom \u00d6konom<\/em><\/span><\/h6>\n<\/div>\n<div class=\"edgtf-team-text\">\n<div class=\"edgtf-team-text-inner\">\n<div class=\"edgtf-team-description\">\n<p style=\"text-align: center;\">Telefonisch erreichen Sie mich<br \/>unter: 0340 \/ 870 555 80<\/p>\n<\/div>\n<\/div>\n<\/div>\n<p>[\/et_pb_text][\/et_pb_column][et_pb_column type=&#8220;1_3&#8243; _builder_version=&#8220;4.18.0&#8243; _module_preset=&#8220;default&#8220; global_colors_info=&#8220;{}&#8220;][et_pb_image src=&#8220;https:\/\/www.ibkiep.de\/ib\/wp-content\/uploads\/CMoser_00web.jpg&#8220; title_text=&#8220;CMoser_00web&#8220; _builder_version=&#8220;4.18.0&#8243; _module_preset=&#8220;default&#8220; global_colors_info=&#8220;{}&#8220;][\/et_pb_image][et_pb_text _builder_version=&#8220;4.18.0&#8243; _module_preset=&#8220;default&#8220; custom_padding=&#8220;|||2px||&#8220; global_colors_info=&#8220;{}&#8220;]<\/p>\n<div class=\"edgtf-team-title-holder normal_social\">\n<h3 class=\"edgtf-team-name\" style=\"text-align: center;\">Christoph Moser<\/h3>\n<h6 class=\"edgtf-team-position\" style=\"text-align: center;\"><span style=\"color: #808080;\"><em>Gesch\u00e4ftsf\u00fchrer \/ Diplom Bauingenieur (FH)<\/em><\/span><\/h6>\n<\/div>\n<div class=\"edgtf-team-text\">\n<div class=\"edgtf-team-text-inner\">\n<div class=\"edgtf-team-description\">\n<p style=\"text-align: center;\">Telefonisch erreichen Sie mich<br \/>unter: 0340 \/ 870 555 80<\/p>\n<\/div>\n<\/div>\n<\/div>\n<p>[\/et_pb_text][\/et_pb_column][et_pb_column type=&#8220;1_3&#8243; _builder_version=&#8220;4.18.0&#8243; _module_preset=&#8220;default&#8220; global_colors_info=&#8220;{}&#8220;][et_pb_image src=&#8220;https:\/\/www.ibkiep.de\/ib\/wp-content\/uploads\/man_01web.jpg&#8220; title_text=&#8220;man_01web&#8220; _builder_version=&#8220;4.18.0&#8243; _module_preset=&#8220;default&#8220; global_colors_info=&#8220;{}&#8220;][\/et_pb_image][et_pb_text _builder_version=&#8220;4.18.0&#8243; _module_preset=&#8220;default&#8220; global_colors_info=&#8220;{}&#8220;]<\/p>\n<div class=\"edgtf-team-title-holder normal_social\">\n<h3 class=\"edgtf-team-name\" style=\"text-align: center;\">Michael Math\u00e9<\/h3>\n<h6 class=\"edgtf-team-position\" style=\"text-align: center;\"><span style=\"color: #808080;\"><em>Diplom-Bauingenieur (FH)<\/em><\/span><\/h6>\n<\/div>\n<div class=\"edgtf-team-text\">\n<div class=\"edgtf-team-text-inner\">\n<div class=\"edgtf-team-description\">\n<p style=\"text-align: center;\">Telefonisch erreichen Sie mich<br \/>unter: 0340 \/ 870 555 80<\/p>\n<\/div>\n<\/div>\n<\/div>\n<p>[\/et_pb_text][\/et_pb_column][\/et_pb_row][\/et_pb_section][et_pb_section fb_built=&#8220;1&#8243; _builder_version=&#8220;4.18.0&#8243; _module_preset=&#8220;default&#8220; global_colors_info=&#8220;{}&#8220;][et_pb_row column_structure=&#8220;2_5,3_5&#8243; _builder_version=&#8220;4.18.0&#8243; _module_preset=&#8220;default&#8220; custom_padding=&#8220;||0px|||&#8220; border_width_top=&#8220;1px&#8220; border_color_top=&#8220;#12876F&#8220; global_colors_info=&#8220;{}&#8220;][et_pb_column type=&#8220;2_5&#8243; _builder_version=&#8220;4.18.0&#8243; _module_preset=&#8220;default&#8220; global_colors_info=&#8220;{}&#8220;][et_pb_image src=&#8220;https:\/\/www.ibkiep.de\/ib\/wp-content\/uploads\/bthobae.jpg&#8220; title_text=&#8220;bthobae&#8220; _builder_version=&#8220;4.18.0&#8243; _module_preset=&#8220;default&#8220; width=&#8220;92%&#8220; custom_padding=&#8220;|52px||||&#8220; global_colors_info=&#8220;{}&#8220;][\/et_pb_image][\/et_pb_column][et_pb_column type=&#8220;3_5&#8243; _builder_version=&#8220;4.18.0&#8243; _module_preset=&#8220;default&#8220; global_colors_info=&#8220;{}&#8220;][et_pb_text _builder_version=&#8220;4.18.0&#8243; _module_preset=&#8220;default&#8220; custom_margin=&#8220;|||-26px|false|false&#8220; custom_padding=&#8220;||0px|2px||&#8220; global_colors_info=&#8220;{}&#8220;]<\/p>\n<div class=\"wpb_text_column wpb_content_element \">\n<div class=\"wpb_wrapper\">\n<div class=\"edgtf-team-title-holder normal_social\">\n<h3 class=\"edgtf-team-name\" style=\"text-align: left;\">Im Innendienst begr\u00fc\u00dft Sie: Beate Thobae<span style=\"color: #008000;\"><\/span><\/h3>\n<\/div>\n<div class=\"edgtf-team-text\">\n<div class=\"edgtf-team-text-inner\">\n<div class=\"edgtf-team-description\">\n<p style=\"text-align: left;\">Telefonisch erreichbar unter: 0340 \/ 870 555 80<\/p>\n<\/div>\n<\/div>\n<\/div>\n<\/div>\n<\/div>\n<p>[\/et_pb_text][et_pb_button button_url=&#8220;@ET-DC@eyJkeW5hbWljIjp0cnVlLCJjb250ZW50IjoicG9zdF9saW5rX3VybF9wYWdlIiwic2V0dGluZ3MiOnsicG9zdF9pZCI6IjE0In19@&#8220; button_text=&#8220;Vereinbaren Sie gern Ihren Termin mit uns!&#8220; button_alignment=&#8220;left&#8220; _builder_version=&#8220;4.18.0&#8243; _dynamic_attributes=&#8220;button_url&#8220; _module_preset=&#8220;default&#8220; custom_button=&#8220;on&#8220; button_text_size=&#8220;14px&#8220; button_text_color=&#8220;#FFFFFF&#8220; button_bg_color=&#8220;rgba(18,135,111,0.77)&#8220; button_border_width=&#8220;0px&#8220; button_border_radius=&#8220;0px&#8220; button_letter_spacing=&#8220;1px&#8220; button_font=&#8220;|||on|||||&#8220; button_icon=&#8220;&#xe026;||divi||400&#8243; custom_margin=&#8220;45px||42px|-20px|false|false&#8220; custom_padding=&#8220;||||false|false&#8220; animation_style=&#8220;slide&#8220; animation_direction=&#8220;top&#8220; custom_css_main_element=&#8220;padding-left: 0 0 0 0 ;&#8220; locked=&#8220;off&#8220; global_colors_info=&#8220;{}&#8220;][\/et_pb_button][\/et_pb_column][\/et_pb_row][\/et_pb_section][et_pb_section fb_built=&#8220;1&#8243; prev_background_color=&#8220;#ffffff&#8220; _builder_version=&#8220;4.18.0&#8243; _module_preset=&#8220;default&#8220; background_enable_color=&#8220;off&#8220; background_image=&#8220;https:\/\/www.ibkiep.de\/ib\/wp-content\/uploads\/background2_hell_paralax.jpg&#8220; parallax=&#8220;on&#8220; parallax_method=&#8220;off&#8220; min_height=&#8220;40em&#8220; custom_margin=&#8220;||||false|false&#8220; custom_padding=&#8220;||71px||false|false&#8220; top_divider_style=&#8220;arrow2&#8243; top_divider_flip=&#8220;vertical&#8220; collapsed=&#8220;on&#8220; global_colors_info=&#8220;{}&#8220;][et_pb_row column_structure=&#8220;1_2,1_2&#8243; _builder_version=&#8220;4.18.0&#8243; _module_preset=&#8220;default&#8220; background_color=&#8220;rgba(255,255,255,0.53)&#8220; custom_margin=&#8220;86px|auto||auto||&#8220; custom_padding=&#8220;106px|20px|30px|20px|false|false&#8220; border_width_all=&#8220;5px&#8220; border_color_all=&#8220;#FFFFFF&#8220; global_colors_info=&#8220;{}&#8220;][et_pb_column type=&#8220;1_2&#8243; _builder_version=&#8220;4.18.0&#8243; _module_preset=&#8220;default&#8220; global_colors_info=&#8220;{}&#8220;][et_pb_text _builder_version=&#8220;4.18.0&#8243; _module_preset=&#8220;default&#8220; text_font=&#8220;|||on|||||&#8220; text_text_color=&#8220;#12876F&#8220; header_2_text_color=&#8220;#12876F&#8220; global_colors_info=&#8220;{}&#8220;]<\/p>\n<h2>\u00dcber das Unternehmen<\/h2>\n<p>[\/et_pb_text][et_pb_blurb use_icon=&#8220;on&#8220; image_icon_background_color=&#8220;#12876F&#8220; icon_placement=&#8220;left&#8220; _builder_version=&#8220;4.18.0&#8243; _module_preset=&#8220;default&#8220; global_colors_info=&#8220;{}&#8220;]<\/p>\n<div class=\"vc_row wpb_row vc_row-fluid edgtf-section edgtf-content-aligment-left edgtf-grid-section\">\n<div class=\"clearfix edgtf-section-inner\">\n<div class=\"edgtf-section-inner-margin clearfix\">\n<div class=\"wpb_column vc_column_container vc_col-sm-6\">\n<div class=\"vc_column-inner vc_custom_1486040095219\">\n<div class=\"wpb_wrapper\">\n<div class=\"wpb_text_column wpb_content_element \">\n<div class=\"wpb_wrapper\">\n<p>Unser Ingenieurb\u00fcro wurde im August 1990 von Dr. Siegbert Kiep gegr\u00fcndet und im Jahr 2013 von Anette Kiep und Christoph Moser \u00fcbernommen.<\/p>\n<p>Seit der Gr\u00fcndung konzentriert sich unser Unternehmen auf die fachgerechte Planung und Realisierung von landwirtschaftlichen und gewerblichen\u00a0 Bauvorhaben.<\/p>\n<p>Dar\u00fcber hinaus erstellen wir seit 2020 Fachplanungen f\u00fcr vorbeugenden baulichen Brandschutz.<\/p>\n<p>Unser Team vertritt dabei konsequent die Interessen der Bauherren von der Idee bis zur Fertigstellung der Objekte.<\/p>\n<p>Als vom Land Sachsen-Anhalt zugelassene Betreuerin unterst\u00fctzt Frau Anette Kiep landwirtschaftliche Bauprojekte bei der Beschaffung, Verwaltung und Abrechnung von F\u00f6rdermitteln im Rahmen des Agrarinvestitionsprogramms.<\/p>\n<p>Als Ingenieur ist Christoph Moser in die Liste der Ingenieurkammer Sachsen-Anhalt unter der Mitgliedsnummer 16218 bundesweit bauvorlageberechtigt und Fachplaner f\u00fcr vorbeugenden baulichen Brandschutz (EIPOS).<\/p>\n<p>&nbsp;<\/p>\n<\/div>\n<\/div>\n<\/div>\n<\/div>\n<\/div>\n<div class=\"wpb_column vc_column_container vc_col-sm-6\">\n<div class=\"vc_column-inner vc_custom_1486040108409\">\n<div class=\"wpb_wrapper\">\n<div class=\"wpb_text_column wpb_content_element \">\n<div class=\"wpb_wrapper\">\n<p>&nbsp;<\/p>\n<\/div>\n<\/div>\n<\/div>\n<\/div>\n<\/div>\n<\/div>\n<\/div>\n<\/div>\n<p>[\/et_pb_blurb][\/et_pb_column][et_pb_column type=&#8220;1_2&#8243; _builder_version=&#8220;4.18.0&#8243; _module_preset=&#8220;default&#8220; global_colors_info=&#8220;{}&#8220;][et_pb_text _builder_version=&#8220;4.18.0&#8243; _module_preset=&#8220;default&#8220; global_colors_info=&#8220;{}&#8220;]<\/p>\n<h2><\/h2>\n<p>&nbsp;<\/p>\n<p>[\/et_pb_text][et_pb_text _builder_version=&#8220;4.18.0&#8243; _module_preset=&#8220;default&#8220; global_colors_info=&#8220;{}&#8220;]<\/p>\n<p>Der Einsatz moderner Computer-Technik und CAD-Programme in unserem Haus, die aktive Weiterbildung unserer Mitarbeiter*innen und eine gute Organisation erm\u00f6glichen es uns, ein Projekt innerhalb k\u00fcrzester Zeit zu realisieren.<\/p>\n<p>Wir stehen auch nach dem Abschluss der Ma\u00dfnahme als Ansprechpartner zur Verf\u00fcgung. F\u00fcr begleitende Aufgaben arbeiten wir eng mit einem Netz kompetenter Partnerb\u00fcros f\u00fcr fach\u00fcbergreifendes Spezialwissen zusammen, u. a. f\u00fcr:<\/p>\n<ul class=\"abstand\">\n<li>Baugrunduntersuchungen und -gutachten<\/li>\n<li>Vermessungsleistungen<\/li>\n<li>Tragwerksplanungen<\/li>\n<li>Bauphysikalische Nachweise<\/li>\n<li>Verfahren nach BImSchG<\/li>\n<li>Immissionsprognosen (L\u00e4rm- und Geruchsgutachten)<\/li>\n<li>Umweltvertr\u00e4glichkeitspr\u00fcfungen<\/li>\n<\/ul>\n<p>Wir nutzen dieses breite Spektrum an Kompetenz, Innovation und Erfahrung, um professionelle und wirtschaftliche L\u00f6sungen f\u00fcr unsere Kunden zu liefern.<\/p>\n<p>[\/et_pb_text][\/et_pb_column][\/et_pb_row][\/et_pb_section][et_pb_section fb_built=&#8220;1&#8243; theme_builder_area=&#8220;post_content&#8220; _builder_version=&#8220;4.18.0&#8243; _module_preset=&#8220;default&#8220;][et_pb_row _builder_version=&#8220;4.18.0&#8243; _module_preset=&#8220;default&#8220; theme_builder_area=&#8220;post_content&#8220;][et_pb_column _builder_version=&#8220;4.18.0&#8243; _module_preset=&#8220;default&#8220; type=&#8220;4_4&#8243; theme_builder_area=&#8220;post_content&#8220;][et_pb_image src=&#8220;https:\/\/www.ibkiep.de\/ib\/wp-content\/uploads\/Stellengesuch-Bauingenieur-oder-Architekt-2025-03-19-scaled.jpg&#8220; _builder_version=&#8220;4.18.0&#8243; _module_preset=&#8220;default&#8220; theme_builder_area=&#8220;post_content&#8220; title_text=&#8220;Stellengesuch Bauingenieur oder Architekt 2025-03-19&#8243; hover_enabled=&#8220;0&#8243; sticky_enabled=&#8220;0&#8243;][\/et_pb_image][\/et_pb_column][\/et_pb_row][\/et_pb_section]<\/p>\n","protected":false},"excerpt":{"rendered":"<p>Unser Team vertritt Ihre Interessen von der Idee bis zur \u00dcbergabe Anette Kiep Gesch\u00e4ftsf\u00fchrerin \/ Diplom \u00d6konom Telefonisch erreichen Sie michunter: 0340 \/ 870 555 80 Christoph Moser Gesch\u00e4ftsf\u00fchrer \/ Diplom Bauingenieur (FH) Telefonisch erreichen Sie michunter: 0340 \/ 870 555 80 Michael Math\u00e9 Diplom-Bauingenieur (FH) Telefonisch erreichen Sie michunter: 0340 \/ 870 555 80 [&hellip;]<\/p>\n","protected":false},"author":1,"featured_media":0,"parent":0,"menu_order":0,"comment_status":"closed","ping_status":"closed","template":"","meta":{"_et_pb_use_builder":"on","_et_pb_old_content":"","_et_gb_content_width":""},"_links":{"self":[{"href":"https:\/\/www.ibkiep.de\/ib\/wp-json\/wp\/v2\/pages\/6"}],"collection":[{"href":"https:\/\/www.ibkiep.de\/ib\/wp-json\/wp\/v2\/pages"}],"about":[{"href":"https:\/\/www.ibkiep.de\/ib\/wp-json\/wp\/v2\/types\/page"}],"author":[{"embeddable":true,"href":"https:\/\/www.ibkiep.de\/ib\/wp-json\/wp\/v2\/users\/1"}],"replies":[{"embeddable":true,"href":"https:\/\/www.ibkiep.de\/ib\/wp-json\/wp\/v2\/comments?post=6"}],"version-history":[{"count":11,"href":"https:\/\/www.ibkiep.de\/ib\/wp-json\/wp\/v2\/pages\/6\/revisions"}],"predecessor-version":[{"id":720,"href":"https:\/\/www.ibkiep.de\/ib\/wp-json\/wp\/v2\/pages\/6\/revisions\/720"}],"wp:attachment":[{"href":"https:\/\/www.ibkiep.de\/ib\/wp-json\/wp\/v2\/media?parent=6"}],"curies":[{"name":"wp","href":"https:\/\/api.w.org\/{rel}","templated":true}]}}